{"id":60,"date":"2026-04-23T18:36:59","date_gmt":"2026-04-23T18:36:59","guid":{"rendered":"https:\/\/fete.ecoledecroly.be\/?page_id=60"},"modified":"2026-04-23T19:54:45","modified_gmt":"2026-04-23T19:54:45","slug":"tournoi-de-foot","status":"publish","type":"page","link":"https:\/\/fete.ecoledecroly.be\/index.php\/tournoi-de-foot\/","title":{"rendered":"Tournoi de Foot"},"content":{"rendered":"\t\t<div data-elementor-type=\"wp-page\" data-elementor-id=\"60\" class=\"elementor elementor-60\">\n\t\t\t\t<div class=\"elementor-element elementor-element-590fda7 e-flex e-con-boxed e-con e-parent\" data-id=\"590fda7\" data-element_type=\"container\" data-e-type=\"container\">\n\t\t\t\t\t<div class=\"e-con-inner\">\n\t\t\t\t<div class=\"elementor-element elementor-element-4c7a0eb elementor-widget elementor-widget-heading\" data-id=\"4c7a0eb\" data-element_type=\"widget\" data-e-type=\"widget\" data-widget_type=\"heading.default\">\n\t\t\t\t\t<h2 class=\"elementor-heading-title elementor-size-default\">\u26bd Tournoi de Foot <\/h2>\t\t\t\t<\/div>\n\t\t\t\t\t<\/div>\n\t\t\t\t<\/div>\n\t\t<div class=\"elementor-element elementor-element-f960493 e-flex e-con-boxed e-con e-parent\" data-id=\"f960493\" data-element_type=\"container\" data-e-type=\"container\">\n\t\t\t\t\t<div class=\"e-con-inner\">\n\t\t<div class=\"elementor-element elementor-element-ff39a77 e-con-full e-flex e-con e-child\" data-id=\"ff39a77\" data-element_type=\"container\" data-e-type=\"container\">\n\t\t\t\t<div class=\"elementor-element elementor-element-c8afbda elementor-widget__width-initial elementor-widget elementor-widget-image\" data-id=\"c8afbda\" data-element_type=\"widget\" data-e-type=\"widget\" data-widget_type=\"image.default\">\n\t\t\t\t\t\t\t\t\t\t\t\t\t\t\t<img fetchpriority=\"high\" decoding=\"async\" width=\"1543\" height=\"2048\" src=\"https:\/\/fete.ecoledecroly.be\/wp-content\/uploads\/2026\/04\/Foot-1543x2048.jpeg\" class=\"attachment-2048x2048 size-2048x2048 wp-image-64\" alt=\"\" srcset=\"https:\/\/fete.ecoledecroly.be\/wp-content\/uploads\/2026\/04\/Foot-1543x2048.jpeg 1543w, https:\/\/fete.ecoledecroly.be\/wp-content\/uploads\/2026\/04\/Foot-226x300.jpeg 226w, https:\/\/fete.ecoledecroly.be\/wp-content\/uploads\/2026\/04\/Foot-771x1024.jpeg 771w, https:\/\/fete.ecoledecroly.be\/wp-content\/uploads\/2026\/04\/Foot-768x1020.jpeg 768w, https:\/\/fete.ecoledecroly.be\/wp-content\/uploads\/2026\/04\/Foot-1157x1536.jpeg 1157w, https:\/\/fete.ecoledecroly.be\/wp-content\/uploads\/2026\/04\/Foot-scaled.jpeg 1928w\" sizes=\"(max-width: 1543px) 100vw, 1543px\" \/>\t\t\t\t\t\t\t\t\t\t\t\t\t\t\t<\/div>\n\t\t\t\t<\/div>\n\t\t<div class=\"elementor-element elementor-element-cbbf377 e-con-full e-flex e-con e-child\" data-id=\"cbbf377\" data-element_type=\"container\" data-e-type=\"container\">\n\t\t\t\t<div class=\"elementor-element elementor-element-4d65466 elementor-widget elementor-widget-heading\" data-id=\"4d65466\" data-element_type=\"widget\" data-e-type=\"widget\" data-widget_type=\"heading.default\">\n\t\t\t\t\t<h2 class=\"elementor-heading-title elementor-size-default\">Minicroly \u2014 le monde minuscule<\/h2>\t\t\t\t<\/div>\n\t\t\t\t<div class=\"elementor-element elementor-element-7eb5d58 elementor-widget elementor-widget-text-editor\" data-id=\"7eb5d58\" data-element_type=\"widget\" data-e-type=\"widget\" data-widget_type=\"text-editor.default\">\n\t\t\t\t\t\t\t\t\t<p data-start=\"217\" data-end=\"325\">Plonge dans l\u2019univers de <strong data-start=\"242\" data-end=\"255\">Minicroly<\/strong>\u2026 o\u00f9 m\u00eame les plus petits joueurs deviennent de grands champions \ud83d\udc1c\u2728<\/p><p data-start=\"217\" data-end=\"325\">Le tournoi de foot de la f\u00eate de l\u2019\u00e9cole revient cette ann\u00e9e pour un moment sportif, joyeux et collectif. Une matin\u00e9e pour jouer, s\u2019amuser et partager l\u2019esprit d\u2019\u00e9quipe dans une ambiance conviviale.<\/p><hr data-start=\"527\" data-end=\"530\" \/><h5 data-section-id=\"qsjld8\" data-start=\"532\" data-end=\"553\">\ud83d\udcc5 Infos pratiques<\/h5><p data-start=\"555\" data-end=\"611\"><strong data-start=\"555\" data-end=\"563\">Date<\/strong><br data-start=\"563\" data-end=\"566\" \/>Samedi 6 juin<br data-start=\"579\" data-end=\"582\" \/>D\u00e8s 8h00 \u2014 fin pr\u00e9vue \u00e0 13h<\/p><p data-start=\"613\" data-end=\"652\"><strong data-start=\"613\" data-end=\"621\">Lieu<\/strong><br data-start=\"621\" data-end=\"624\" \/>Terrain de foot de l\u2019\u00e9cole<\/p><p data-start=\"654\" data-end=\"690\"><strong data-start=\"654\" data-end=\"671\">Participation<\/strong><br data-start=\"671\" data-end=\"674\" \/>3 \u20ac par enfant<\/p>\t\t\t\t\t\t\t\t<\/div>\n\t\t\t\t<\/div>\n\t\t\t\t\t<\/div>\n\t\t\t\t<\/div>\n\t\t<div class=\"elementor-element elementor-element-d6bddd7 e-grid e-con-boxed e-con e-parent\" data-id=\"d6bddd7\" data-element_type=\"container\" data-e-type=\"container\">\n\t\t\t\t\t<div class=\"e-con-inner\">\n\t\t\t\t<div class=\"elementor-element elementor-element-c9755a8 elementor-widget elementor-widget-text-editor\" data-id=\"c9755a8\" data-element_type=\"widget\" data-e-type=\"widget\" data-widget_type=\"text-editor.default\">\n\t\t\t\t\t\t\t\t\t<h2 data-section-id=\"1oh8jfp\" data-start=\"697\" data-end=\"714\">Inscription<\/h2><p data-start=\"716\" data-end=\"804\">Pour participer, il suffit de compl\u00e9ter le formulaire d\u2019inscription avant le <strong data-start=\"793\" data-end=\"803\">15 mai<\/strong>.<\/p><p data-start=\"806\" data-end=\"914\">\ud83d\udc49 Les \u00e9quipes seront constitu\u00e9es selon des r\u00e8gles sp\u00e9cifiques (\u00e0 consulter dans le document d\u2019information).<\/p><p data-start=\"916\" data-end=\"993\">\ud83d\udc49 Toutes les instructions de paiement sont d\u00e9taill\u00e9es dans ce m\u00eame document.<\/p><div id=\"simple-translate\" class=\"simple-translate-system-theme\"><div><div class=\"simple-translate-button isShow\" style=\"background-image: url('moz-extension:\/\/4b09dd03-b3de-4d64-9a61-449e12c5b0db\/icons\/512.png'); height: 22px; width: 22px; top: -32px; left: -59px;\">\u00a0<\/div><div class=\"simple-translate-panel \" style=\"width: 300px; height: 200px; top: 0px; left: 0px; font-size: 13px;\"><div class=\"simple-translate-result-wrapper\" style=\"overflow: hidden;\"><div class=\"simple-translate-move\" draggable=\"true\">\u00a0<\/div><div class=\"simple-translate-result-contents\"><p class=\"simple-translate-candidate\" dir=\"auto\">\u00a0<\/p><\/div><\/div><\/div><\/div><\/div>\t\t\t\t\t\t\t\t<\/div>\n\t\t\t\t<div class=\"elementor-element elementor-element-f6f906c elementor-widget elementor-widget-text-editor\" data-id=\"f6f906c\" data-element_type=\"widget\" data-e-type=\"widget\" data-widget_type=\"text-editor.default\">\n\t\t\t\t\t\t\t\t\t<h2 data-section-id=\"qtqy6w\" data-start=\"1000\" data-end=\"1033\">Le tournoi, en quelques mots<\/h2><ul data-start=\"1035\" data-end=\"1216\"><li data-section-id=\"9go3c6\" data-start=\"1035\" data-end=\"1089\">Des \u00e9quipes \u00e9quilibr\u00e9es pour garantir le fair-play<\/li><li data-section-id=\"15jn2wj\" data-start=\"1090\" data-end=\"1131\">Une ambiance bienveillante et festive<\/li><li data-section-id=\"1ke54p3\" data-start=\"1132\" data-end=\"1175\">Un moment accessible \u00e0 tous les enfants<\/li><li data-section-id=\"l8a7ty\" data-start=\"1176\" data-end=\"1216\">Du sport\u2026 mais surtout du plaisir \ud83d\udc9b<\/li><\/ul>\t\t\t\t\t\t\t\t<\/div>\n\t\t\t\t<div class=\"elementor-element elementor-element-3e863a9 elementor-widget elementor-widget-text-editor\" data-id=\"3e863a9\" data-element_type=\"widget\" data-e-type=\"widget\" data-widget_type=\"text-editor.default\">\n\t\t\t\t\t\t\t\t\t<h2 data-start=\"1223\" data-end=\"1245\">Esprit Minicroly<\/h2><p data-start=\"1247\" data-end=\"1426\">Dans le monde minuscule, chaque joueur compte.<br data-start=\"1293\" data-end=\"1296\" \/>Que l\u2019on soit rapide comme une fourmi ou strat\u00e8ge comme une abeille, l\u2019essentiel est de participer, coop\u00e9rer et s\u2019amuser ensemble.<\/p><hr data-start=\"1428\" data-end=\"1431\" \/><div id=\"simple-translate\" class=\"simple-translate-system-theme\"><div><div class=\"simple-translate-button isShow\" style=\"background-image: url('moz-extension:\/\/4b09dd03-b3de-4d64-9a61-449e12c5b0db\/icons\/512.png'); height: 22px; width: 22px; top: 19px; left: 0px;\">\u00a0<\/div><div class=\"simple-translate-panel \" style=\"width: 300px; height: 200px; top: 0px; left: 0px; font-size: 13px;\"><div class=\"simple-translate-result-wrapper\" style=\"overflow: hidden;\"><div class=\"simple-translate-move\" draggable=\"true\">\u00a0<\/div><div class=\"simple-translate-result-contents\"><p class=\"simple-translate-candidate\" dir=\"auto\">\u00a0<\/p><\/div><\/div><\/div><\/div><\/div>\t\t\t\t\t\t\t\t<\/div>\n\t\t\t\t\t<\/div>\n\t\t\t\t<\/div>\n\t\t<div class=\"elementor-element elementor-element-d861371 e-flex e-con-boxed e-con e-parent\" data-id=\"d861371\" data-element_type=\"container\" data-e-type=\"container\" data-settings=\"{&quot;background_background&quot;:&quot;classic&quot;,&quot;shape_divider_top&quot;:&quot;arrow&quot;}\">\n\t\t\t\t\t<div class=\"e-con-inner\">\n\t\t\t\t<div class=\"elementor-shape elementor-shape-top\" aria-hidden=\"true\" data-negative=\"false\">\n\t\t\t<svg xmlns=\"http:\/\/www.w3.org\/2000\/svg\" viewBox=\"0 0 700 10\" preserveAspectRatio=\"none\">\n\t<path class=\"elementor-shape-fill\" d=\"M350,10L340,0h20L350,10z\"\/>\n<\/svg>\t\t<\/div>\n\t\t\t\t<div class=\"elementor-element elementor-element-424b8dc elementor-widget elementor-widget-heading\" data-id=\"424b8dc\" data-element_type=\"widget\" data-e-type=\"widget\" data-widget_type=\"heading.default\">\n\t\t\t\t\t<h2 class=\"elementor-heading-title elementor-size-default\">Pr\u00eat\u00b7e \u00e0 rejoindre le terrain ?\n\nInscris ton enfant d\u00e8s maintenant et fais partie de l\u2019aventure !<\/h2>\t\t\t\t<\/div>\n\t\t\t\t<div class=\"elementor-element elementor-element-5931497 elementor-widget elementor-widget-button\" data-id=\"5931497\" data-element_type=\"widget\" data-e-type=\"widget\" data-widget_type=\"button.default\">\n\t\t\t\t\t\t\t\t\t\t<a class=\"elementor-button elementor-button-link elementor-size-sm\" href=\"https:\/\/docs.google.com\/forms\/d\/e\/1FAIpQLSfQZ7PI5KaAJyNTwfb5afS7Knt-hRBbPzAVyqvtxRXN3mBNtQ\/viewform\" target=\"_blank\" rel=\"nofollow\">\n\t\t\t\t\t\t<span class=\"elementor-button-content-wrapper\">\n\t\t\t\t\t\t\t\t\t<span class=\"elementor-button-text\">Inscription<\/span>\n\t\t\t\t\t<\/span>\n\t\t\t\t\t<\/a>\n\t\t\t\t\t\t\t\t<\/div>\n\t\t\t\t\t<\/div>\n\t\t\t\t<\/div>\n\t\t\t\t<\/div>\n\t\t","protected":false},"excerpt":{"rendered":"<p>\u26bd Tournoi de Foot Minicroly \u2014 le monde minuscule Plonge dans l\u2019univers de Minicroly\u2026 o\u00f9 m\u00eame les plus petits joueurs deviennent de grands champions \ud83d\udc1c\u2728 Le tournoi de foot de la f\u00eate de l\u2019\u00e9cole revient cette ann\u00e9e pour un moment sportif, joyeux et collectif. Une matin\u00e9e pour jouer, s\u2019amuser et partager l\u2019esprit d\u2019\u00e9quipe dans une [&hellip;]<\/p>\n","protected":false},"author":1,"featured_media":0,"parent":0,"menu_order":0,"comment_status":"closed","ping_status":"closed","template":"","meta":{"footnotes":""},"class_list":["post-60","page","type-page","status-publish","hentry"],"blocksy_meta":[],"_links":{"self":[{"href":"https:\/\/fete.ecoledecroly.be\/index.php\/wp-json\/wp\/v2\/pages\/60","targetHints":{"allow":["GET"]}}],"collection":[{"href":"https:\/\/fete.ecoledecroly.be\/index.php\/wp-json\/wp\/v2\/pages"}],"about":[{"href":"https:\/\/fete.ecoledecroly.be\/index.php\/wp-json\/wp\/v2\/types\/page"}],"author":[{"embeddable":true,"href":"https:\/\/fete.ecoledecroly.be\/index.php\/wp-json\/wp\/v2\/users\/1"}],"replies":[{"embeddable":true,"href":"https:\/\/fete.ecoledecroly.be\/index.php\/wp-json\/wp\/v2\/comments?post=60"}],"version-history":[{"count":17,"href":"https:\/\/fete.ecoledecroly.be\/index.php\/wp-json\/wp\/v2\/pages\/60\/revisions"}],"predecessor-version":[{"id":82,"href":"https:\/\/fete.ecoledecroly.be\/index.php\/wp-json\/wp\/v2\/pages\/60\/revisions\/82"}],"wp:attachment":[{"href":"https:\/\/fete.ecoledecroly.be\/index.php\/wp-json\/wp\/v2\/media?parent=60"}],"curies":[{"name":"wp","href":"https:\/\/api.w.org\/{rel}","templated":true}]}}