{"id":52,"date":"2026-04-22T20:08:02","date_gmt":"2026-04-22T20:08:02","guid":{"rendered":"https:\/\/fete.ecoledecroly.be\/?page_id=52"},"modified":"2026-04-23T20:08:17","modified_gmt":"2026-04-23T20:08:17","slug":"sponsors","status":"publish","type":"page","link":"https:\/\/fete.ecoledecroly.be\/index.php\/sponsors\/","title":{"rendered":"Sponsors"},"content":{"rendered":"\t\t<div data-elementor-type=\"wp-page\" data-elementor-id=\"52\" class=\"elementor elementor-52\">\n\t\t\t\t<div class=\"elementor-element elementor-element-95aed12 e-flex e-con-boxed e-con e-parent\" data-id=\"95aed12\" data-element_type=\"container\" data-e-type=\"container\">\n\t\t\t\t\t<div class=\"e-con-inner\">\n\t\t\t\t<div class=\"elementor-element elementor-element-322e40c elementor-widget elementor-widget-heading\" data-id=\"322e40c\" data-element_type=\"widget\" data-e-type=\"widget\" data-widget_type=\"heading.default\">\n\t\t\t\t\t<h2 class=\"elementor-heading-title elementor-size-default\">Sponsors<\/h2>\t\t\t\t<\/div>\n\t\t\t\t\t<\/div>\n\t\t\t\t<\/div>\n\t\t<div class=\"elementor-element elementor-element-3f78843 e-grid e-con-boxed e-con e-parent\" data-id=\"3f78843\" data-element_type=\"container\" data-e-type=\"container\">\n\t\t\t\t\t<div class=\"e-con-inner\">\n\t\t\t\t<div class=\"elementor-element elementor-element-acafd04 elementor-widget elementor-widget-image\" data-id=\"acafd04\" data-element_type=\"widget\" data-e-type=\"widget\" data-widget_type=\"image.default\">\n\t\t\t\t\t\t\t\t\t\t\t\t\t\t\t<img fetchpriority=\"high\" decoding=\"async\" width=\"446\" height=\"664\" src=\"https:\/\/fete.ecoledecroly.be\/wp-content\/uploads\/2026\/04\/Capture-decran-2026-04-14-213228.png\" class=\"attachment-large size-large wp-image-85\" alt=\"\" srcset=\"https:\/\/fete.ecoledecroly.be\/wp-content\/uploads\/2026\/04\/Capture-decran-2026-04-14-213228.png 446w, https:\/\/fete.ecoledecroly.be\/wp-content\/uploads\/2026\/04\/Capture-decran-2026-04-14-213228-202x300.png 202w\" sizes=\"(max-width: 446px) 100vw, 446px\" \/>\t\t\t\t\t\t\t\t\t\t\t\t\t\t\t<\/div>\n\t\t\t\t<div class=\"elementor-element elementor-element-b6e5e06 elementor-widget elementor-widget-text-editor\" data-id=\"b6e5e06\" data-element_type=\"widget\" data-e-type=\"widget\" data-widget_type=\"text-editor.default\">\n\t\t\t\t\t\t\t\t\t<p>Chers Parents,<\/p><p>Comme chaque ann\u00e9e, c&rsquo;est une f\u00eate organis\u00e9e par les parents, pour les enfants, avec l&rsquo;\u00e9nergie de toute la communaut\u00e9. L&rsquo;ambition reste la m\u00eame : un moment magique, accessible \u00e0 toutes les familles, dont les b\u00e9n\u00e9fices soutiennent directement l&rsquo;association \u00c9cole Nouvelle.\u00a0<\/p><p><strong>L&rsquo;an dernier, gr\u00e2ce \u00e0 vos dons, nous avons r\u00e9-investi plus de 2.500 EUR dans le projet d&rsquo;implantation des panneaux solaires.\ud83e\udd73<\/strong><\/p><p><strong>Vous souhaitez nous aider en sponsorisant la f\u00eate ? Dites-nous comment\u00a0<a href=\"https:\/\/forms.gle\/c5VN4nLXUMYzCMBT7\">via notre formulaire sponsoring<\/a><\/strong><\/p><p>Vous pouvez faire un <em>virement libre<\/em>, contribuer \u00e0 un <em>poste sp\u00e9cifique<\/em> (ch\u00e2teau gonflable, photo booth, bar, cuisine\u2026) ou <em>offrir un lot<\/em> (jeux, livres, mat\u00e9riel cr\u00e9atif, sportif, bons pour des activit\u00e9s sportives ou cr\u00e9atives, stages, bons cadeaux\/achats\/resto\/voyage, etc).<\/p>\t\t\t\t\t\t\t\t<\/div>\n\t\t\t\t\t<\/div>\n\t\t\t\t<\/div>\n\t\t<div class=\"elementor-element elementor-element-07d2af5 e-flex e-con-boxed e-con e-parent\" data-id=\"07d2af5\" data-element_type=\"container\" data-e-type=\"container\">\n\t\t\t\t\t<div class=\"e-con-inner\">\n\t\t\t\t<div class=\"elementor-element elementor-element-8a5aa9d elementor-widget elementor-widget-heading\" data-id=\"8a5aa9d\" data-element_type=\"widget\" data-e-type=\"widget\" data-widget_type=\"heading.default\">\n\t\t\t\t\t<h2 class=\"elementor-heading-title elementor-size-default\">\n\n<\/h2>\t\t\t\t<\/div>\n\t\t\t\t\t<\/div>\n\t\t\t\t<\/div>\n\t\t\t\t<\/div>\n\t\t","protected":false},"excerpt":{"rendered":"<p>Sponsors Chers Parents, Comme chaque ann\u00e9e, c&rsquo;est une f\u00eate organis\u00e9e par les parents, pour les enfants, avec l&rsquo;\u00e9nergie de toute la communaut\u00e9. L&rsquo;ambition reste la m\u00eame : un moment magique, accessible \u00e0 toutes les familles, dont les b\u00e9n\u00e9fices soutiennent directement l&rsquo;association \u00c9cole Nouvelle.\u00a0 L&rsquo;an dernier, gr\u00e2ce \u00e0 vos dons, nous avons r\u00e9-investi plus de 2.500 [&hellip;]<\/p>\n","protected":false},"author":1,"featured_media":0,"parent":0,"menu_order":0,"comment_status":"closed","ping_status":"closed","template":"","meta":{"footnotes":""},"class_list":["post-52","page","type-page","status-publish","hentry"],"blocksy_meta":[],"_links":{"self":[{"href":"https:\/\/fete.ecoledecroly.be\/index.php\/wp-json\/wp\/v2\/pages\/52","targetHints":{"allow":["GET"]}}],"collection":[{"href":"https:\/\/fete.ecoledecroly.be\/index.php\/wp-json\/wp\/v2\/pages"}],"about":[{"href":"https:\/\/fete.ecoledecroly.be\/index.php\/wp-json\/wp\/v2\/types\/page"}],"author":[{"embeddable":true,"href":"https:\/\/fete.ecoledecroly.be\/index.php\/wp-json\/wp\/v2\/users\/1"}],"replies":[{"embeddable":true,"href":"https:\/\/fete.ecoledecroly.be\/index.php\/wp-json\/wp\/v2\/comments?post=52"}],"version-history":[{"count":17,"href":"https:\/\/fete.ecoledecroly.be\/index.php\/wp-json\/wp\/v2\/pages\/52\/revisions"}],"predecessor-version":[{"id":139,"href":"https:\/\/fete.ecoledecroly.be\/index.php\/wp-json\/wp\/v2\/pages\/52\/revisions\/139"}],"wp:attachment":[{"href":"https:\/\/fete.ecoledecroly.be\/index.php\/wp-json\/wp\/v2\/media?parent=52"}],"curies":[{"name":"wp","href":"https:\/\/api.w.org\/{rel}","templated":true}]}}