{"id":102,"date":"2026-04-26T08:54:56","date_gmt":"2026-04-26T08:54:56","guid":{"rendered":"https:\/\/fete.ecoledecroly.be\/?page_id=102"},"modified":"2026-04-26T09:53:10","modified_gmt":"2026-04-26T09:53:10","slug":"bing-bang-festival","status":"publish","type":"page","link":"https:\/\/fete.ecoledecroly.be\/index.php\/bing-bang-festival\/","title":{"rendered":"Bing Bang Festival"},"content":{"rendered":"\t\t<div data-elementor-type=\"wp-page\" data-elementor-id=\"102\" class=\"elementor elementor-102\">\n\t\t\t\t<div class=\"elementor-element elementor-element-f427e10 e-flex e-con-boxed e-con e-parent\" data-id=\"f427e10\" data-element_type=\"container\" data-e-type=\"container\">\n\t\t\t\t\t<div class=\"e-con-inner\">\n\t\t\t\t<div class=\"elementor-element elementor-element-29108fc elementor-widget elementor-widget-heading\" data-id=\"29108fc\" data-element_type=\"widget\" data-e-type=\"widget\" data-widget_type=\"heading.default\">\n\t\t\t\t\t<h2 class=\"elementor-heading-title elementor-size-default\">\ud83c\udfa4 Bing Bang Festival<\/h2>\t\t\t\t<\/div>\n\t\t\t\t\t<\/div>\n\t\t\t\t<\/div>\n\t\t<div class=\"elementor-element elementor-element-809d014 e-flex e-con-boxed e-con e-parent\" data-id=\"809d014\" data-element_type=\"container\" data-e-type=\"container\">\n\t\t\t\t\t<div class=\"e-con-inner\">\n\t\t<div class=\"elementor-element elementor-element-1b7ffce e-con-full e-flex e-con e-child\" data-id=\"1b7ffce\" data-element_type=\"container\" data-e-type=\"container\">\n\t\t\t\t<div class=\"elementor-element elementor-element-394507a elementor-widget elementor-widget-image\" data-id=\"394507a\" data-element_type=\"widget\" data-e-type=\"widget\" data-widget_type=\"image.default\">\n\t\t\t\t\t\t\t\t\t\t\t\t\t\t\t<img fetchpriority=\"high\" decoding=\"async\" width=\"724\" height=\"1024\" src=\"https:\/\/fete.ecoledecroly.be\/wp-content\/uploads\/2026\/04\/Affiche-Bing-Bang-2026_01-724x1024.jpeg\" class=\"attachment-large size-large wp-image-106\" alt=\"\" srcset=\"https:\/\/fete.ecoledecroly.be\/wp-content\/uploads\/2026\/04\/Affiche-Bing-Bang-2026_01-724x1024.jpeg 724w, https:\/\/fete.ecoledecroly.be\/wp-content\/uploads\/2026\/04\/Affiche-Bing-Bang-2026_01-212x300.jpeg 212w, https:\/\/fete.ecoledecroly.be\/wp-content\/uploads\/2026\/04\/Affiche-Bing-Bang-2026_01-768x1086.jpeg 768w, https:\/\/fete.ecoledecroly.be\/wp-content\/uploads\/2026\/04\/Affiche-Bing-Bang-2026_01.jpeg 905w\" sizes=\"(max-width: 724px) 100vw, 724px\" \/>\t\t\t\t\t\t\t\t\t\t\t\t\t\t\t<\/div>\n\t\t\t\t<\/div>\n\t\t\t\t<div class=\"elementor-element elementor-element-e3649c5 elementor-widget elementor-widget-text-editor\" data-id=\"e3649c5\" data-element_type=\"widget\" data-e-type=\"widget\" data-widget_type=\"text-editor.default\">\n\t\t\t\t\t\t\t\t\t<p data-start=\"166\" data-end=\"245\">\u00a0<\/p><p data-start=\"166\" data-end=\"245\">Et si, dans le monde minuscule, les talents faisaient un maximum de bruit ? \u2728<\/p><p data-start=\"247\" data-end=\"415\">Le <strong data-start=\"250\" data-end=\"272\">Bing Bang Festival<\/strong> ouvre sa sc\u00e8ne \u00e0 toutes celles et ceux qui ont envie de partager leur passion. Musique, spectacle, performance\u2026 ici, chaque talent a sa place.<\/p><div class=\"relative basis-auto flex-col -mb-(--composer-overlap-px) pb-(--composer-overlap-px) [--composer-overlap-px:28px] grow flex\"><div class=\"flex flex-col text-sm\"><div class=\"\" data-turn-id-container=\"request-69ea6570-1790-8327-9cc6-292db30b3767-0\" data-is-intersecting=\"true\"><section class=\"text-token-text-primary w-full focus:outline-none [--shadow-height:45px] has-data-writing-block:pointer-events-none has-data-writing-block:-mt-(--shadow-height) has-data-writing-block:pt-(--shadow-height) [&amp;:has([data-writing-block])&gt;*]:pointer-events-auto R6Vx5W_threadScrollVars scroll-mb-[calc(var(--scroll-root-safe-area-inset-bottom,0px)+var(--thread-response-height))] scroll-mt-[calc(var(--header-height)+min(200px,max(70px,20svh)))]\" dir=\"auto\" data-turn-id=\"request-69ea6570-1790-8327-9cc6-292db30b3767-0\" data-testid=\"conversation-turn-12\" data-scroll-anchor=\"false\" data-turn=\"assistant\"><div class=\"text-base my-auto mx-auto pb-10 [--thread-content-margin:var(--thread-content-margin-xs,calc(var(--spacing)*4))] @w-sm\/main:[--thread-content-margin:var(--thread-content-margin-sm,calc(var(--spacing)*6))] @w-lg\/main:[--thread-content-margin:var(--thread-content-margin-lg,calc(var(--spacing)*16))] px-(--thread-content-margin)\"><div class=\"[--thread-content-max-width:40rem] @w-lg\/main:[--thread-content-max-width:48rem] mx-auto max-w-(--thread-content-max-width) flex-1 group\/turn-messages focus-visible:outline-hidden relative flex w-full min-w-0 flex-col agent-turn\"><div class=\"flex max-w-full flex-col gap-4 grow\"><div class=\"min-h-8 text-message relative flex w-full flex-col items-end gap-2 text-start break-words whitespace-normal outline-none keyboard-focused:focus-ring [.text-message+&amp;]:mt-1\" dir=\"auto\" tabindex=\"0\" data-message-author-role=\"assistant\" data-message-id=\"94c3f2f2-e714-4046-a55a-a57ac9d8d6d4\" data-message-model-slug=\"gpt-5-3\" data-turn-start-message=\"true\"><div class=\"flex w-full flex-col gap-1 empty:hidden\"><div class=\"markdown prose dark:prose-invert w-full wrap-break-word dark markdown-new-styling\"><p data-start=\"569\" data-end=\"646\">\ud83d\udc49 Que tu sois enfant ou adulte, seul\u00b7e ou en groupe, <strong data-start=\"623\" data-end=\"645\">la sc\u00e8ne est \u00e0 toi<\/strong>.<\/p><h4 data-section-id=\"1tstoen\" data-start=\"653\" data-end=\"679\">\ud83c\udfad L\u2019esprit du festival<\/h4><ul data-start=\"681\" data-end=\"857\"><li data-section-id=\"1o0w7oa\" data-start=\"681\" data-end=\"719\">Une sc\u00e8ne ouverte et bienveillante<\/li><li data-section-id=\"999t94\" data-start=\"720\" data-end=\"763\">Des moments de partage et de d\u00e9couverte<\/li><li data-section-id=\"1m0gl7w\" data-start=\"764\" data-end=\"809\">Une ambiance festive au c\u0153ur de Minicroly<\/li><li data-section-id=\"omnvtn\" data-start=\"810\" data-end=\"857\">Des talents petits\u2026 mais impressionnants \ud83d\udc9b<\/li><\/ul><\/div><\/div><\/div><\/div><\/div><\/div><\/section><\/div><\/div><\/div><div id=\"thread-bottom-container\" class=\"sticky bottom-0 z-10 group\/thread-bottom-container relative isolate w-full basis-auto has-data-has-thread-error:pt-2 has-data-has-thread-error:[box-shadow:var(--sharp-edge-bottom-shadow)] md:border-transparent md:pt-0 dark:border-white\/20 md:dark:border-transparent print:hidden content-fade single-line flex flex-col\"><div id=\"thread-bottom\"><div><div class=\"text-base mx-auto [--thread-content-margin:var(--thread-content-margin-xs,calc(var(--spacing)*4))] @w-sm\/main:[--thread-content-margin:var(--thread-content-margin-sm,calc(var(--spacing)*6))] @w-lg\/main:[--thread-content-margin:var(--thread-content-margin-lg,calc(var(--spacing)*16))] px-(--thread-content-margin)\"><div><div class=\"[--thread-content-max-width:40rem] @w-lg\/main:[--thread-content-max-width:48rem] mx-auto max-w-(--thread-content-max-width) flex-1 mb-[var(--thread-component-gap,1rem)]\"><div class=\"pointer-events-auto relative z-1 flex h-(--composer-container-height,100%) max-w-full flex-(--composer-container-flex,1) flex-col\"><form class=\"group\/composer w-full\" data-type=\"unified-composer\"><div class=\"\"><div class=\"bg-token-bg-primary dark:bg-token-bg-elevated-primary dark-oled:bg-token-bg-primary corner-superellipse\/1.1 cursor-text overflow-clip bg-clip-padding p-2.5 contain-inline-size motion-safe:transition-colors motion-safe:duration-200 motion-safe:ease-in-out grid grid-cols-[auto_1fr_auto] [grid-template-areas:'header_header_header'_'leading_primary_trailing'_'._footer_.'] group-data-expanded\/composer:[grid-template-areas:'header_header_header'_'primary_primary_primary'_'leading_footer_trailing'] shadow-short-composer\" data-composer-surface=\"true\"><div class=\"-my-2.5 flex min-h-14 items-center overflow-x-hidden px-1.5 [grid-area:primary] group-data-expanded\/composer:mb-0 group-data-expanded\/composer:px-2.5\"><div class=\"wcDTda_prosemirror-parent text-token-text-primary max-h-[max(30svh,5rem)] max-h-52 min-h-[var(--deep-research-composer-extra-height,unset)] flex-1 overflow-auto [scrollbar-width:thin] firefox vertical-scroll-fade-mask\"><div id=\"prompt-textarea\" class=\"ProseMirror\" role=\"textbox\" contenteditable=\"true\" translate=\"no\" data-virtualkeyboard=\"true\" aria-multiline=\"true\" aria-label=\"Discuter avec ChatGPT\">\u00a0<\/div><\/div><\/div><\/div><\/div><\/form><\/div><\/div><\/div><\/div><\/div><\/div><\/div><div>\u00a0<\/div><div>\u00a0<\/div><div>\u00a0<\/div>\t\t\t\t\t\t\t\t<\/div>\n\t\t\t\t\t<\/div>\n\t\t\t\t<\/div>\n\t\t<div class=\"elementor-element elementor-element-fcfc866 e-flex e-con-boxed e-con e-parent\" data-id=\"fcfc866\" data-element_type=\"container\" data-e-type=\"container\">\n\t\t\t\t\t<div class=\"e-con-inner\">\n\t\t<div class=\"elementor-element elementor-element-003fe4f e-con-full e-flex e-con e-child\" data-id=\"003fe4f\" data-element_type=\"container\" data-e-type=\"container\">\n\t\t\t\t<div class=\"elementor-element elementor-element-7a510f9 elementor-widget elementor-widget-text-editor\" data-id=\"7a510f9\" data-element_type=\"widget\" data-e-type=\"widget\" data-widget_type=\"text-editor.default\">\n\t\t\t\t\t\t\t\t\t<h2 data-section-id=\"bi9lbr\" data-start=\"422\" data-end=\"445\">Appel aux talents<\/h2><p data-start=\"447\" data-end=\"567\">Tu joues d\u2019un instrument ?<br data-start=\"473\" data-end=\"476\" \/>Tu fais partie d\u2019un groupe ?<br data-start=\"504\" data-end=\"507\" \/>Tu jongles, danses ou proposes une performance originale ?<\/p>\t\t\t\t\t\t\t\t<\/div>\n\t\t\t\t<\/div>\n\t\t<div class=\"elementor-element elementor-element-d145b2d e-con-full e-flex e-con e-child\" data-id=\"d145b2d\" data-element_type=\"container\" data-e-type=\"container\">\n\t\t\t\t<div class=\"elementor-element elementor-element-3464fa6 elementor-widget elementor-widget-text-editor\" data-id=\"3464fa6\" data-element_type=\"widget\" data-e-type=\"widget\" data-widget_type=\"text-editor.default\">\n\t\t\t\t\t\t\t\t\t<h2 data-section-id=\"xj58hi\" data-start=\"864\" data-end=\"880\">Participer<\/h2><p data-start=\"882\" data-end=\"911\">Envie de monter sur sc\u00e8ne ?<\/p><p data-start=\"913\" data-end=\"1002\">\ud83d\udce9 Inscris-toi d\u00e8s maintenant en envoyant un email \u00e0 : <strong data-start=\"970\" data-end=\"1000\"><a class=\"decorated-link cursor-pointer\" href=\"mailto:bingbangfestival@gmail.com\" target=\"_blank\" rel=\"noopener\" data-start=\"972\" data-end=\"998\">bingbangfestival@gmail.com<\/a><\/strong><\/p><p data-start=\"913\" data-end=\"1002\">N\u2019h\u00e9site pas \u00e0 pr\u00e9ciser :<\/p><ul data-start=\"1032\" data-end=\"1116\"><li data-section-id=\"51ar89\" data-start=\"1032\" data-end=\"1059\">ton nom \/ nom du groupe<\/li><li data-section-id=\"puowhs\" data-start=\"1060\" data-end=\"1086\">le type de performance<\/li><li data-section-id=\"1fhimhh\" data-start=\"1087\" data-end=\"1116\">le nombre de participants<\/li><\/ul>\t\t\t\t\t\t\t\t<\/div>\n\t\t\t\t<\/div>\n\t\t<div class=\"elementor-element elementor-element-bacf03c e-con-full e-flex e-con e-child\" data-id=\"bacf03c\" data-element_type=\"container\" data-e-type=\"container\">\n\t\t\t\t<div class=\"elementor-element elementor-element-689e068 elementor-widget__width-initial elementor-widget elementor-widget-text-editor\" data-id=\"689e068\" data-element_type=\"widget\" data-e-type=\"widget\" data-widget_type=\"text-editor.default\">\n\t\t\t\t\t\t\t\t\t<hr data-start=\"1118\" data-end=\"1121\" \/><h2 data-section-id=\"1bykpk5\" data-start=\"1123\" data-end=\"1162\">Pr\u00eat\u00b7e \u00e0 faire vibrer Minicroly ?<\/h2><p data-start=\"1164\" data-end=\"1234\">Viens partager ton talent et faire partie de cette aventure unique \u2728<\/p>\t\t\t\t\t\t\t\t<\/div>\n\t\t\t\t<\/div>\n\t\t\t\t\t<\/div>\n\t\t\t\t<\/div>\n\t\t\t\t<\/div>\n\t\t","protected":false},"excerpt":{"rendered":"<p>\ud83c\udfa4 Bing Bang Festival \u00a0 Et si, dans le monde minuscule, les talents faisaient un maximum de bruit ? \u2728 Le Bing Bang Festival ouvre sa sc\u00e8ne \u00e0 toutes celles et ceux qui ont envie de partager leur passion. Musique, spectacle, performance\u2026 ici, chaque talent a sa place. \ud83d\udc49 Que tu sois enfant ou adulte, [&hellip;]<\/p>\n","protected":false},"author":1,"featured_media":0,"parent":0,"menu_order":0,"comment_status":"closed","ping_status":"closed","template":"","meta":{"footnotes":""},"class_list":["post-102","page","type-page","status-publish","hentry"],"blocksy_meta":[],"_links":{"self":[{"href":"https:\/\/fete.ecoledecroly.be\/index.php\/wp-json\/wp\/v2\/pages\/102","targetHints":{"allow":["GET"]}}],"collection":[{"href":"https:\/\/fete.ecoledecroly.be\/index.php\/wp-json\/wp\/v2\/pages"}],"about":[{"href":"https:\/\/fete.ecoledecroly.be\/index.php\/wp-json\/wp\/v2\/types\/page"}],"author":[{"embeddable":true,"href":"https:\/\/fete.ecoledecroly.be\/index.php\/wp-json\/wp\/v2\/users\/1"}],"replies":[{"embeddable":true,"href":"https:\/\/fete.ecoledecroly.be\/index.php\/wp-json\/wp\/v2\/comments?post=102"}],"version-history":[{"count":13,"href":"https:\/\/fete.ecoledecroly.be\/index.php\/wp-json\/wp\/v2\/pages\/102\/revisions"}],"predecessor-version":[{"id":119,"href":"https:\/\/fete.ecoledecroly.be\/index.php\/wp-json\/wp\/v2\/pages\/102\/revisions\/119"}],"wp:attachment":[{"href":"https:\/\/fete.ecoledecroly.be\/index.php\/wp-json\/wp\/v2\/media?parent=102"}],"curies":[{"name":"wp","href":"https:\/\/api.w.org\/{rel}","templated":true}]}}